{"id":4626,"date":"2014-10-03T15:58:52","date_gmt":"2014-10-03T15:58:52","guid":{"rendered":"http:\/\/kairosingegneria.eu\/en\/?page_id=4626"},"modified":"2023-02-01T08:36:16","modified_gmt":"2023-02-01T08:36:16","slug":"privacy","status":"publish","type":"page","link":"https:\/\/kairosingegneria.eu\/en\/privacy\/","title":{"rendered":"Privacy"},"content":{"rendered":"<div id='layer_slider_1'  class='avia-layerslider main_color avia-shadow  avia-builder-el-0  el_before_av_section  avia-builder-el-first  container_wrap sidebar_right'  style='height: 151px;'  ><\/div>\n\n<style type=\"text\/css\" data-created_by=\"avia_inline_auto\" id=\"style-css-av-76q7li-d59699f4f0c0250304117054db65a7e2\">\n.avia-section.av-76q7li-d59699f4f0c0250304117054db65a7e2{\nbackground-color:#ffffff;\nbackground-image:unset;\n}\n<\/style>\n<div id='av_section_1'  class='avia-section av-76q7li-d59699f4f0c0250304117054db65a7e2 main_color avia-section-default avia-no-shadow  avia-builder-el-1  el_after_av_layerslider  avia-builder-el-last  avia-bg-style-scroll container_wrap sidebar_right'  ><div class='container av-section-cont-open' ><div class='template-page content  av-content-small alpha units'><div class='post-entry post-entry-type-page post-entry-4626'><div class='entry-content-wrapper clearfix'>\n<div  class='flex_column av-5zfcrq-edb4a975bbb13e91c7e15eaaa91c1873 av_one_full  avia-builder-el-2  avia-builder-el-no-sibling  first flex_column_div  '     ><p>\n<style type=\"text\/css\" data-created_by=\"avia_inline_auto\" id=\"style-css-av-3lysli-e1a94092edbe7876b404353c29004918\">\n#top .av-special-heading.av-3lysli-e1a94092edbe7876b404353c29004918{\npadding-bottom:10px;\n}\nbody .av-special-heading.av-3lysli-e1a94092edbe7876b404353c29004918 .av-special-heading-tag .heading-char{\nfont-size:25px;\n}\n.av-special-heading.av-3lysli-e1a94092edbe7876b404353c29004918 .av-subheading{\nfont-size:10px;\n}\n<\/style>\n<div  class='av-special-heading av-3lysli-e1a94092edbe7876b404353c29004918 av-special-heading-h2 meta-heading  avia-builder-el-3  el_before_av_textblock  avia-builder-el-first '><h2 class='av-special-heading-tag '  itemprop=\"headline\"  >Privacy policy<\/h2><div class=\"special-heading-border\"><div class=\"special-heading-inner-border\"><\/div><\/div><\/div><br \/>\n<section  class='av_textblock_section av-11sza-c8b87dcd53fd3e46ee7034d5808116fc '   itemscope=\"itemscope\" itemtype=\"https:\/\/schema.org\/CreativeWork\" ><div class='avia_textblock'  itemprop=\"text\" ><p>Ai sensi dell&#8217;articolo 13 del D.lgs. n.196\/2003 &#8220;Codice in materia di protezione dei dati personali&#8221; \u2013 e del Regolamento UE 679\/2016 applicabile dal 25 maggio 2018 \u2013 Regolamento Generale sulla Protezione dei Dati (&#8220;RGPD&#8221;) (d&#8217;ora in avanti Codice Privacy e RGPD sono collettivamente indicati come &#8220;Normativa Applicabile&#8221;), KAIROS Societ\u00e0 di Ingegneria s.r.l. intende descrivere le modalit\u00e0 di gestione del sito in riferimento al trattamento dei dati personali degli utenti che lo consultano. Il trattamento si basa sempre su principi di liceit\u00e0 e correttezza in ottemperanza a tutte le vigenti normative e vengono adottate idonee misure di sicurezza a protezione dei dati. \u2028L&#8217;informativa \u00e8 resa solo per il sito di KAIROS Societ\u00e0 di Ingegneria s.r.l. e non anche per altri siti web eventualmente consultati dall&#8217;utente tramite link. Essi sono autonomi titolari del trattamento dei dati e pertanto si rimanda ai loro siti.<\/p>\n<p>A tal fine, KAIROS Societ\u00e0 di Ingegneria s.r.l. La informa che:<\/p>\n<p><strong>A \u2013 Finalit\u00e0 del trattamento<\/strong><\/p>\n<p><strong>Il trattamento dei dati avverr\u00e0 per le seguenti finalit\u00e0:<\/strong><\/p>\n<p>I suoi dati personali (indirizzo di posta elettronica, nome, cognome, numero di telefono, azienda) saranno utilizzati, previo Suo esplicito consenso, per l&#8217;invio via email di materiale pubblicitario, informativo, promozionale, anche di natura commerciale, newsletter di suo interesse relative a servizi di consulenza prestati da KAIROS Societ\u00e0 di Ingegneria s.r.l., e ogni altra informazione concernente l&#8217;ambito in cui KAIROS Societ\u00e0 di Ingegneria s.r.l. opera.<\/p>\n<p><strong>B &#8211; Natura obbligatoria\/ facoltativa della raccolta dei dati e conseguenze di un eventuale mancato conferimento<\/strong><\/p>\n<p>Il consenso al trattamento dei dati personali per le finalit\u00e0 di cui alla precedente lettera A \u00e8 facoltativo ed un eventuale rifiuto non consentir\u00e0 l&#8217;invio di alcuna comunicazioni da parte di KAIROS Societ\u00e0 di Ingegneria s.r.l..<\/p>\n<p>Il CLIENTE potr\u00e0 in ogni caso opporsi in qualsiasi momento a tali trattamenti, facendone semplice richiesta a KAIROS Societ\u00e0 di Ingegneria s.r.l. senza alcuna formalit\u00e0 a mezzo e-mail o posta ordinaria nelle modalit\u00e0 di cui alla successiva lettera G.<\/p>\n<p><strong>C \u2013 Modalit\u00e0 del trattamento<\/strong><\/p>\n<p><strong>I dati personali verranno trattati con le seguenti modalit\u00e0<\/strong>:<\/p>\n<ul>\n<li>registrazione ed elaborazione su supporto cartaceo;<\/li>\n<li>registrazione ed elaborazione su supporto magnetico.<\/li>\n<\/ul>\n<p>I dati saranno trattati dai collaboratori e dipendenti di KAIROS Societ\u00e0 di Ingegneria s.r.l. designati &#8220;Incaricati del trattamento&#8221; che hanno ricevuto adeguate istruzioni operative.<\/p>\n<p><strong>D \u2013 Comunicazione dei dati<\/strong><\/p>\n<p>I suoi dati personali non saranno comunicati a terzi o rivenduti per nessun motivo. L&#8217;archivio elettronico relativo alle comunicazioni promozionali \u00e8 conservato sul territorio italiano e di conseguenza non avviene nessun trasferimento di dati personali al di fuori dell&#8217;Italia.<\/p>\n<p>Per la finalit\u00e0 di cui alla precedente lettera A:<\/p>\n<p>&#8211; i dati personali potranno essere trattati da soggetti interni alla Societ\u00e0, nella loro qualit\u00e0 di Incaricati, solo qualora il trattamento sia necessario allo svolgimento delle loro mansioni compiendo solo le operazioni necessarie allo svolgimento delle mansioni stesse.<\/p>\n<p><strong>E \u2013 Tempo di conservazione dei dati<\/strong><\/p>\n<p>I dati personali raccolti per la finalit\u00e0 oggetto di questa informativa verranno conservati fino alla revoca del consenso di cui alla lettera B, salvo che le stesse informazioni non formino oggetto di altri trattamenti da parte dello stesso Titolare. In ogni caso alla revoca del consenso i dati non verranno pi\u00f9 trattati per la finalit\u00e0 descritta alla lettera B.<\/p>\n<p>Maggiori informazioni in merito al periodo di conservazione dei Dati Personali e ai criteri utilizzati per determinare tale periodo possono essere richieste inviando una comunicazione scritta all&#8217;indirizzo sotto indicato oppure un&#8217;e-mail a <a href=\"mailto:info@kairosingegneria.eu\">info@kairosingegneria.eu<\/a><\/p>\n<p>Specifiche misure di sicurezza sono osservate per prevenire la perdita dei dati, usi illeciti o non corretti ed accessi non autorizzati.<\/p>\n<p><strong>F &#8211; Tipo di dati trattati<\/strong><\/p>\n<p><u>Dati di navigazione<\/u>:<\/p>\n<p>I sistemi informatici e le procedure software preposte al funzionamento di questo sito web acquisiscono, nel corso del loro normale esercizio, alcuni dati personali la cui trasmissione \u00e8 implicita nell&#8217;uso dei protocolli di comunicazione di Internet.<\/p>\n<p>Si tratta di informazioni che non sono raccolte per essere associate a interessati identificati, ma che per loro stessa natura potrebbero, attraverso elaborazioni ed associazioni con dati detenuti da terzi, permettere di identificare gli utenti.<\/p>\n<p>In questa categoria di dati rientrano gli indirizzi IP o i nomi a dominio dei computer utilizzati dagli utenti che si connettono al sito, gli indirizzi in notazione URI (Uniform Resource Identifier) delle risorse richieste, l&#8217;orario della richiesta, il metodo utilizzato nel sottoporre la richiesta al server, la dimensione del file ottenuto in risposta, il codice numerico indicante lo stato della risposta data dal server (buon fine, errore, ecc.) ed altri parametri relativi al sistema operativo e all&#8217;ambiente informatico dell&#8217;utente.<\/p>\n<p>Questi dati vengono utilizzati al solo fine di ricavare informazioni statistiche anonime sull&#8217;uso del sito e per controllarne il corretto funzionamento e vengono cancellati immediatamente dopo l&#8217;elaborazione.<\/p>\n<p><u>Dati forniti volontariamente dall&#8217;utente:<\/u><\/p>\n<p>L&#8217;invio facoltativo, esplicito e volontario, di generalit\u00e0 dell&#8217;utente e dell&#8217;indirizzo di posta elettronica agli indirizzi indicati su questo sito comporta la successiva acquisizione di tali dati, necessari per rispondere alle richieste, nonch\u00e9 degli eventuali altri dati personali inseriti nella missiva.<\/p>\n<p>I dati personali del Cliente sono richiesti per le finalit\u00e0 di cui al precedente punto A e per la gestione delle sue richieste.<\/p>\n<p><strong>G \u2013 Diritti degli interessati<\/strong><\/p>\n<p>Nei limiti della Normativa applicabile, Lei ha diritto di chiedere, in qualunque momento, l&#8217;accesso, la conferma dell&#8217;esistenza o meno dei medesimi dati e di conoscerne il contenuto e l&#8217;origine, verificarne l&#8217;esattezza o chiederne l&#8217;integrazione o l&#8217;aggiornamento, oppure la rettificazione di ottenere in un formato strutturato, di uso comune e leggibile da dispositivo automatico i dati che La riguardano (<strong><a href=\"http:\/\/www.garanteprivacy.it\/garante\/doc.jsp?ID=1311248#articolo7\" target=\"_blank\" rel=\"noopener\">articolo 7 <\/a><\/strong>del Codice in materia di protezione dei dati personali e <strong>articolo 12 <\/strong>del Regolamento UE 2016\/679).<\/p>\n<p>Ai sensi dei medesimi articoli si ha il diritto di chiedere la cancellazione, la trasformazione in forma anonima o il blocco dei dati trattati in violazione di legge, nonch\u00e9 di opporsi in ogni caso, per motivi legittimi, al loro trattamento.<\/p>\n<p>I soggetti cui si riferiscono i dati personali hanno il diritto in qualunque momento di ottenere informazioni.<\/p>\n<p>Le richieste vanno rivolte via e-mail all&#8217;indirizzo: <a href=\"mailto:info@kairosingegneria.eu\">info@kairosingegneria.eu<\/a><\/p>\n<p>Ai sensi della Normativa Applicabile, ha in ogni caso il diritto di proporre reclamo all&#8217;autorit\u00e0 di controllo competente (Garante per la Protezione dei Dati Personali) qualora ritenesse che il trattamento dei Dati Personali sia contrario alla normativa vigente.<\/p>\n<p><strong>H \u2013 Titolare e Responsabile del trattamento<\/strong><\/p>\n<p>Titolare del trattamento \u00e8 KAIROS Societ\u00e0 di Ingegneria s.r.l., con sede legale in Via Bisceglie, 21 \u2013 66050 Roccaspinalveti (CH), P.IVA 01657910707.<\/p>\n<p>Responsabile del trattamento dei dati personali \u00e8 KAIROS Societ\u00e0 di Ingegneria s.r.l.<\/p>\n<p><strong>I \u2013<\/strong><strong>Modifiche<\/strong><\/p>\n<p>Il Titolare si riserva di modificare o semplicemente aggiornare il contenuto di questa informativa, in parte o completamente, anche a causa di variazioni della Normativa Applicabile. Il Titolare La invita quindi a visitare con regolarit\u00e0 questa sezione per prendere cognizione della pi\u00f9 recente ed aggiornata versione in modo che la S.V. sia sempre aggiornata sui dati raccolti e sull&#8217;uso che ne fa KAIROS Societ\u00e0 di Ingegneria s.r.l.; tali variazioni saranno vincolanti non appena pubblicate sul Sito.<\/p>\n<p>Ultima modifica: 1 Febbraio 2023<\/p>\n<\/div><\/section><\/p><\/div><\/div><\/div><\/div><!-- close content main div --><\/div><\/div><div id='after_section_1'  class='main_color av_default_container_wrap container_wrap sidebar_right'  ><div class='container av-section-cont-open' ><div class='template-page content  av-content-small alpha units'><div class='post-entry post-entry-type-page post-entry-4626'><div class='entry-content-wrapper clearfix'>\n","protected":false},"excerpt":{"rendered":"","protected":false},"author":1,"featured_media":0,"parent":0,"menu_order":0,"comment_status":"open","ping_status":"open","template":"","meta":{"footnotes":""},"class_list":["post-4626","page","type-page","status-publish","hentry"],"aioseo_notices":[],"_links":{"self":[{"href":"https:\/\/kairosingegneria.eu\/en\/wp-json\/wp\/v2\/pages\/4626","targetHints":{"allow":["GET"]}}],"collection":[{"href":"https:\/\/kairosingegneria.eu\/en\/wp-json\/wp\/v2\/pages"}],"about":[{"href":"https:\/\/kairosingegneria.eu\/en\/wp-json\/wp\/v2\/types\/page"}],"author":[{"embeddable":true,"href":"https:\/\/kairosingegneria.eu\/en\/wp-json\/wp\/v2\/users\/1"}],"replies":[{"embeddable":true,"href":"https:\/\/kairosingegneria.eu\/en\/wp-json\/wp\/v2\/comments?post=4626"}],"version-history":[{"count":4,"href":"https:\/\/kairosingegneria.eu\/en\/wp-json\/wp\/v2\/pages\/4626\/revisions"}],"predecessor-version":[{"id":5917,"href":"https:\/\/kairosingegneria.eu\/en\/wp-json\/wp\/v2\/pages\/4626\/revisions\/5917"}],"wp:attachment":[{"href":"https:\/\/kairosingegneria.eu\/en\/wp-json\/wp\/v2\/media?parent=4626"}],"curies":[{"name":"wp","href":"https:\/\/api.w.org\/{rel}","templated":true}]}}